{"id":631,"date":"2020-11-07T23:58:22","date_gmt":"2020-11-07T23:58:22","guid":{"rendered":"https:\/\/ctrenaissance.org\/?page_id=631"},"modified":"2025-06-17T17:41:43","modified_gmt":"2025-06-17T21:41:43","slug":"careers","status":"publish","type":"page","link":"https:\/\/ctrenaissance.org\/es\/careers\/","title":{"rendered":"Empleos"},"content":{"rendered":"<p class=\"has-text-align-center\"><\/p>\n\n\n\n<div style=\"height:46px\" aria-hidden=\"true\" class=\"wp-block-spacer\"><\/div>\n\n\n\n\n\n\n\n<h2 class=\"wp-block-heading\" id=\"h-working-at-connecticut-renaissance\"><strong>Trabajar en Connecticut Renaissance <\/strong><strong><\/strong><\/h2>\n\n\n\n<p>Connecticut Renaissance es una organizaci\u00f3n din\u00e1mica y en crecimiento sin fines de lucro impulsada por nuestra misi\u00f3n de ayudar a las personas afectadas por problemas de salud conductual y con antecedentes penales a recuperar sus vidas. Nuestro mayor activo es nuestro dedicado equipo de profesionales que comparten nuestro compromiso de mejorar la salud y el bienestar de las comunidades a las que servimos.<\/p>\n\n\n\n<p>Creemos en invertir en nuestro personal, brind\u00e1ndoles oportunidades de aprendizaje continuo y desarrollo profesional para empoderarlos y que puedan generar un impacto duradero. En Connecticut Renaissance, valoramos la diversidad, fomentamos la colaboraci\u00f3n y celebramos las contribuciones de cada miembro del equipo. Aqu\u00ed, se valora tu trabajo duro, tu integridad y tu compromiso con la excelencia, y juntos marcamos la diferencia en las vidas de aquellos a quienes servimos.<\/p>\n\n\n\n<div class=\"wp-block-group is-vertical is-content-justification-center is-layout-flex wp-container-core-group-is-layout-4b2eccd6 wp-block-group-is-layout-flex\"><a class=\"maxbutton-4 maxbutton maxbutton-career-button-2\" href=\"https:\/\/ctrenaissance.e3applicants.com\/careers\/\"><span class='mb-text'>Oportunidades profesionales<\/span><\/a><\/div>\n\n\n\n<h3 class=\"wp-block-heading\" id=\"h-benefits-package\"><strong>Paquete de beneficios <\/strong><strong><\/strong><\/h3>\n\n\n\n<p>Connecticut Renaissance se enorgullece de ofrecer un completo paquete de prestaciones para empleados que incluye:<\/p>\n\n\n\n<p><strong>Salud y seguros<\/strong><\/p>\n\n\n\n<ul class=\"wp-block-list\">\n<li>Opciones de planes m\u00e9dicos tradicionales y con deducibles altos<\/li>\n\n\n\n<li>Seguro dental y oftalmol\u00f3gico<\/li>\n\n\n\n<li>First Stop Health: acceso virtual las 24 horas del d\u00eda, los 7 d\u00edas de la semana, a servicios de atenci\u00f3n primaria, atenci\u00f3n de urgencia y salud mental.<\/li>\n\n\n\n<li>Cobertura de medicamentos recetados (con opci\u00f3n de env\u00edo por correo)<\/li>\n\n\n\n<li>Seguro de vida y seguro por muerte accidental y desmembramiento (AD&amp;D)<\/li>\n\n\n\n<li>Incapacidad a corto y largo plazo<\/li>\n\n\n\n<li>Seguro de responsabilidad civil profesional<\/li>\n\n\n\n<li>Programa de Asistencia al Empleado (EAP)<\/li>\n<\/ul>\n\n\n\n<p><strong><strong>Tiempo libre y equilibrio entre la vida laboral y personal<\/strong><\/strong><\/p>\n\n\n\n<ul class=\"wp-block-list\">\n<li>Generosas vacaciones pagadas (vacaciones y bajas por enfermedad)<\/li>\n\n\n\n<li>Plan de jubilaci\u00f3n 403(b)<\/li>\n\n\n\n<li>Elegibilidad para la condonaci\u00f3n de pr\u00e9stamos de la HRSA<\/li>\n\n\n\n<li>Reembolso de los gastos relacionados con las certificaciones y licencias requeridas para el empleo.<\/li>\n<\/ul>\n\n\n\n<p><strong><strong><strong>Apoyo financiero y profesional<\/strong><\/strong><\/strong><\/p>\n\n\n\n<ul class=\"wp-block-list\">\n<li>Plan de jubilaci\u00f3n 403(b)<\/li>\n\n\n\n<li>Elegibilidad para la condonaci\u00f3n de pr\u00e9stamos de la HRSA<\/li>\n\n\n\n<li>Reembolso de los gastos relacionados con las certificaciones y licencias requeridas para el empleo.<\/li>\n<\/ul>\n\n\n\n<h3 class=\"wp-block-heading\"><strong>Oportunidades de pr\u00e1cticas<\/strong><\/h3>\n\n\n\n<p>\u00bfDesea adquirir experiencia pr\u00e1ctica en el sector de la salud conductual o en el sector sin fines de lucro? Connecticut Renaissance ofrece una amplia gama de oportunidades de pr\u00e1cticas en varios departamentos, entre los que se incluyen:<\/p>\n\n\n\n<ul class=\"wp-block-list\">\n<li>Servicios cl\u00ednicos<\/li>\n\n\n\n<li>Comercializaci\u00f3n y comunicaciones<\/li>\n\n\n\n<li>Desarrollo y recaudaci\u00f3n de fondos<\/li>\n\n\n\n<li>Administraci\u00f3n y operaciones<\/li>\n<\/ul>\n\n\n\n<p>Nuestro programa de pr\u00e1cticas est\u00e1 dise\u00f1ado para proporcionar una experiencia significativa y real, al tiempo que respalda nuestra misi\u00f3n de fortalecer las comunidades y empoderar a las personas en su camino hacia la recuperaci\u00f3n. Tanto si est\u00e1s cursando una carrera en trabajo social, psicolog\u00eda, salud p\u00fablica, comunicaciones o gesti\u00f3n de organizaciones sin fines de lucro, te ofrecemos opciones flexibles: presenciales, a distancia o h\u00edbridas.<\/p>\n\n\n\n<div class=\"wp-block-group is-vertical is-content-justification-center is-layout-flex wp-container-core-group-is-layout-4b2eccd6 wp-block-group-is-layout-flex\"><a class=\"maxbutton-5 maxbutton maxbutton-register-today\" href=\"https:\/\/ctrenaissance.dm.networkforgood.com\/forms\/connecticut-renaissance-intern-sign-up-sheet\"><span class='mb-text'>Comience aqu\u00ed su solicitud de pr\u00e1cticas<\/span><\/a><\/div>\n\n\n\n<div style=\"height:31px\" aria-hidden=\"true\" class=\"wp-block-spacer\"><\/div>\n\n\n\n<p>CT Renaissance se dedica a proporcionar continuamente servicios y est\u00e1ndares de la m\u00e1s alta calidad a nuestros clientes y personal. Promovemos un ambiente de trabajo profesional y respetuoso que permite al personal prosperar y proporcionar una calidad constante en la atenci\u00f3n a nuestros clientes.<\/p>\n\n\n\n<h3 class=\"wp-block-heading has-text-align-center\" id=\"h-join-us\"><strong>\u00a1\u00danete a nosotros!<\/strong><\/h3>\n\n\n\n<div style=\"height:18px\" aria-hidden=\"true\" class=\"wp-block-spacer\"><\/div>\n\n\n\n<div style=\"height:18px\" aria-hidden=\"true\" class=\"wp-block-spacer\"><\/div>\n\n\n\n<p class=\"has-text-align-center has-md-font-size\"><strong>Connecticut Renaissance es una <br>Empleador que practica la acci\u00f3n afirmativa y la igualdad de oportunidades<\/strong><\/p>\n\n\n<div class=\"wp-block-image\">\n<figure class=\"aligncenter\"><img loading=\"lazy\" decoding=\"async\" width=\"321\" height=\"318\" src=\"https:\/\/ctrenaissance.org\/wp-content\/uploads\/2024\/10\/RFW-logo-Employer-Friendly-Workplace.jpg\" alt=\"\" class=\"wp-image-2329\" srcset=\"https:\/\/ctrenaissance.org\/wp-content\/uploads\/2024\/10\/RFW-logo-Employer-Friendly-Workplace.jpg 321w, https:\/\/ctrenaissance.org\/wp-content\/uploads\/2024\/10\/RFW-logo-Employer-Friendly-Workplace-300x297.jpg 300w, https:\/\/ctrenaissance.org\/wp-content\/uploads\/2024\/10\/RFW-logo-Employer-Friendly-Workplace-150x150.jpg 150w, https:\/\/ctrenaissance.org\/wp-content\/uploads\/2024\/10\/RFW-logo-Employer-Friendly-Workplace-80x80.jpg 80w\" sizes=\"auto, (max-width: 321px) 100vw, 321px\" \/><\/figure>\n<\/div>\n\n\n<figure class=\"wp-block-image has-lightbox\"><a href=\"https:\/\/ctrenaissance.org\/es\/banner\/\"><img loading=\"lazy\" decoding=\"async\" width=\"1400\" height=\"840\" src=\"https:\/\/ctrenaissance.org\/wp-content\/uploads\/2024\/10\/Regional-Awards-Multi-Year.jpg\" alt=\"\" class=\"wp-image-2328\" srcset=\"https:\/\/ctrenaissance.org\/wp-content\/uploads\/2024\/10\/Regional-Awards-Multi-Year.jpg 1400w, https:\/\/ctrenaissance.org\/wp-content\/uploads\/2024\/10\/Regional-Awards-Multi-Year-300x180.jpg 300w, https:\/\/ctrenaissance.org\/wp-content\/uploads\/2024\/10\/Regional-Awards-Multi-Year-1024x614.jpg 1024w, https:\/\/ctrenaissance.org\/wp-content\/uploads\/2024\/10\/Regional-Awards-Multi-Year-768x461.jpg 768w\" sizes=\"auto, (max-width: 1400px) 100vw, 1400px\" \/><\/a><\/figure>","protected":false},"excerpt":{"rendered":"<p>Working at Connecticut Renaissance Connecticut Renaissance is a dynamic, growing not-for-profit organization driven by our mission to help individuals affected by behavioral health challenges and criminal justice involvement reclaim their &hellip;<\/p>","protected":false},"author":10,"featured_media":0,"parent":0,"menu_order":0,"comment_status":"closed","ping_status":"closed","template":"","meta":{"_coblocks_attr":"","_coblocks_dimensions":"","_coblocks_responsive_height":"","_coblocks_accordion_ie_support":"","_genesis_hide_title":true,"_genesis_hide_breadcrumbs":false,"_genesis_hide_singular_image":false,"_genesis_hide_footer_widgets":false,"_genesis_custom_body_class":"","_genesis_custom_post_class":"","_genesis_layout":"md-content","footnotes":""},"class_list":["post-631","page","type-page","status-publish","entry"],"featured_image_src":null,"yoast_head":"<!-- This site is optimized with the Yoast SEO Premium plugin v23.5 (Yoast SEO v27.4) - https:\/\/yoast.com\/product\/yoast-seo-premium-wordpress\/ -->\n<title>Careers | CT Renaissance<\/title>\n<meta name=\"robots\" content=\"index, follow, max-snippet:-1, max-image-preview:large, max-video-preview:-1\" \/>\n<link rel=\"canonical\" href=\"https:\/\/ctrenaissance.org\/es\/careers\/\" \/>\n<meta property=\"og:locale\" content=\"es_MX\" \/>\n<meta property=\"og:type\" content=\"article\" \/>\n<meta property=\"og:title\" content=\"Careers\" \/>\n<meta property=\"og:description\" content=\"Working at Connecticut Renaissance Connecticut Renaissance is a dynamic, growing not-for-profit organization driven by our mission to help individuals affected by behavioral health challenges and criminal justice involvement reclaim their &hellip;\" \/>\n<meta property=\"og:url\" content=\"https:\/\/ctrenaissance.org\/es\/careers\/\" \/>\n<meta property=\"og:site_name\" content=\"CT Renaissance\" \/>\n<meta property=\"article:publisher\" content=\"https:\/\/www.facebook.com\/ctrenaissance.bpt\" \/>\n<meta property=\"article:modified_time\" content=\"2025-06-17T21:41:43+00:00\" \/>\n<meta property=\"og:image\" content=\"https:\/\/ctrenaissance.org\/wp-content\/uploads\/2024\/10\/RFW-logo-Employer-Friendly-Workplace.jpg\" \/>\n\t<meta property=\"og:image:width\" content=\"321\" \/>\n\t<meta property=\"og:image:height\" content=\"318\" \/>\n\t<meta property=\"og:image:type\" content=\"image\/jpeg\" \/>\n<meta name=\"twitter:card\" content=\"summary_large_image\" \/>\n<meta name=\"twitter:label1\" content=\"Tiempo de lectura\" \/>\n\t<meta name=\"twitter:data1\" content=\"3 minutos\" \/>\n<script type=\"application\/ld+json\" class=\"yoast-schema-graph\">{\"@context\":\"https:\\\/\\\/schema.org\",\"@graph\":[{\"@type\":\"WebPage\",\"@id\":\"https:\\\/\\\/ctrenaissance.org\\\/careers\\\/\",\"url\":\"https:\\\/\\\/ctrenaissance.org\\\/careers\\\/\",\"name\":\"Careers | CT Renaissance\",\"isPartOf\":{\"@id\":\"https:\\\/\\\/ctrenaissance.org\\\/#website\"},\"primaryImageOfPage\":{\"@id\":\"https:\\\/\\\/ctrenaissance.org\\\/careers\\\/#primaryimage\"},\"image\":{\"@id\":\"https:\\\/\\\/ctrenaissance.org\\\/careers\\\/#primaryimage\"},\"thumbnailUrl\":\"https:\\\/\\\/ctrenaissance.org\\\/wp-content\\\/uploads\\\/2024\\\/10\\\/RFW-logo-Employer-Friendly-Workplace.jpg\",\"datePublished\":\"2020-11-07T23:58:22+00:00\",\"dateModified\":\"2025-06-17T21:41:43+00:00\",\"breadcrumb\":{\"@id\":\"https:\\\/\\\/ctrenaissance.org\\\/careers\\\/#breadcrumb\"},\"inLanguage\":\"es\",\"potentialAction\":[{\"@type\":\"ReadAction\",\"target\":[\"https:\\\/\\\/ctrenaissance.org\\\/careers\\\/\"]}]},{\"@type\":\"ImageObject\",\"inLanguage\":\"es\",\"@id\":\"https:\\\/\\\/ctrenaissance.org\\\/careers\\\/#primaryimage\",\"url\":\"https:\\\/\\\/ctrenaissance.org\\\/wp-content\\\/uploads\\\/2024\\\/10\\\/RFW-logo-Employer-Friendly-Workplace.jpg\",\"contentUrl\":\"https:\\\/\\\/ctrenaissance.org\\\/wp-content\\\/uploads\\\/2024\\\/10\\\/RFW-logo-Employer-Friendly-Workplace.jpg\"},{\"@type\":\"BreadcrumbList\",\"@id\":\"https:\\\/\\\/ctrenaissance.org\\\/careers\\\/#breadcrumb\",\"itemListElement\":[{\"@type\":\"ListItem\",\"position\":1,\"name\":\"Home\",\"item\":\"https:\\\/\\\/ctrenaissance.org\\\/\"},{\"@type\":\"ListItem\",\"position\":2,\"name\":\"Careers\"}]},{\"@type\":\"WebSite\",\"@id\":\"https:\\\/\\\/ctrenaissance.org\\\/#website\",\"url\":\"https:\\\/\\\/ctrenaissance.org\\\/\",\"name\":\"CT Renaissance\",\"description\":\"RECLAIM your LIFE\",\"publisher\":{\"@id\":\"https:\\\/\\\/ctrenaissance.org\\\/#organization\"},\"potentialAction\":[{\"@type\":\"SearchAction\",\"target\":{\"@type\":\"EntryPoint\",\"urlTemplate\":\"https:\\\/\\\/ctrenaissance.org\\\/?s={search_term_string}\"},\"query-input\":{\"@type\":\"PropertyValueSpecification\",\"valueRequired\":true,\"valueName\":\"search_term_string\"}}],\"inLanguage\":\"es\"},{\"@type\":\"Organization\",\"@id\":\"https:\\\/\\\/ctrenaissance.org\\\/#organization\",\"name\":\"CT Renaissance, Inc.\",\"url\":\"https:\\\/\\\/ctrenaissance.org\\\/\",\"logo\":{\"@type\":\"ImageObject\",\"inLanguage\":\"es\",\"@id\":\"https:\\\/\\\/ctrenaissance.org\\\/#\\\/schema\\\/logo\\\/image\\\/\",\"url\":\"https:\\\/\\\/ctrenaissance.org\\\/wp-content\\\/uploads\\\/2020\\\/09\\\/logo.png\",\"contentUrl\":\"https:\\\/\\\/ctrenaissance.org\\\/wp-content\\\/uploads\\\/2020\\\/09\\\/logo.png\",\"width\":532,\"height\":309,\"caption\":\"CT Renaissance, Inc.\"},\"image\":{\"@id\":\"https:\\\/\\\/ctrenaissance.org\\\/#\\\/schema\\\/logo\\\/image\\\/\"},\"sameAs\":[\"https:\\\/\\\/www.facebook.com\\\/ctrenaissance.bpt\",\"https:\\\/\\\/www.linkedin.com\\\/company\\\/connecticut-renaissance\"]}]}<\/script>\n<!-- \/ Yoast SEO Premium plugin. -->","yoast_head_json":{"title":"Careers | CT Renaissance","robots":{"index":"index","follow":"follow","max-snippet":"max-snippet:-1","max-image-preview":"max-image-preview:large","max-video-preview":"max-video-preview:-1"},"canonical":"https:\/\/ctrenaissance.org\/es\/careers\/","og_locale":"es_MX","og_type":"article","og_title":"Careers","og_description":"Working at Connecticut Renaissance Connecticut Renaissance is a dynamic, growing not-for-profit organization driven by our mission to help individuals affected by behavioral health challenges and criminal justice involvement reclaim their &hellip;","og_url":"https:\/\/ctrenaissance.org\/es\/careers\/","og_site_name":"CT Renaissance","article_publisher":"https:\/\/www.facebook.com\/ctrenaissance.bpt","article_modified_time":"2025-06-17T21:41:43+00:00","og_image":[{"width":321,"height":318,"url":"https:\/\/ctrenaissance.org\/wp-content\/uploads\/2024\/10\/RFW-logo-Employer-Friendly-Workplace.jpg","type":"image\/jpeg"}],"twitter_card":"summary_large_image","twitter_misc":{"Tiempo de lectura":"3 minutos"},"schema":{"@context":"https:\/\/schema.org","@graph":[{"@type":"WebPage","@id":"https:\/\/ctrenaissance.org\/careers\/","url":"https:\/\/ctrenaissance.org\/careers\/","name":"Careers | CT Renaissance","isPartOf":{"@id":"https:\/\/ctrenaissance.org\/#website"},"primaryImageOfPage":{"@id":"https:\/\/ctrenaissance.org\/careers\/#primaryimage"},"image":{"@id":"https:\/\/ctrenaissance.org\/careers\/#primaryimage"},"thumbnailUrl":"https:\/\/ctrenaissance.org\/wp-content\/uploads\/2024\/10\/RFW-logo-Employer-Friendly-Workplace.jpg","datePublished":"2020-11-07T23:58:22+00:00","dateModified":"2025-06-17T21:41:43+00:00","breadcrumb":{"@id":"https:\/\/ctrenaissance.org\/careers\/#breadcrumb"},"inLanguage":"es","potentialAction":[{"@type":"ReadAction","target":["https:\/\/ctrenaissance.org\/careers\/"]}]},{"@type":"ImageObject","inLanguage":"es","@id":"https:\/\/ctrenaissance.org\/careers\/#primaryimage","url":"https:\/\/ctrenaissance.org\/wp-content\/uploads\/2024\/10\/RFW-logo-Employer-Friendly-Workplace.jpg","contentUrl":"https:\/\/ctrenaissance.org\/wp-content\/uploads\/2024\/10\/RFW-logo-Employer-Friendly-Workplace.jpg"},{"@type":"BreadcrumbList","@id":"https:\/\/ctrenaissance.org\/careers\/#breadcrumb","itemListElement":[{"@type":"ListItem","position":1,"name":"Home","item":"https:\/\/ctrenaissance.org\/"},{"@type":"ListItem","position":2,"name":"Careers"}]},{"@type":"WebSite","@id":"https:\/\/ctrenaissance.org\/#website","url":"https:\/\/ctrenaissance.org\/","name":"CT Renaissance","description":"RECUPERA tu VIDA","publisher":{"@id":"https:\/\/ctrenaissance.org\/#organization"},"potentialAction":[{"@type":"SearchAction","target":{"@type":"EntryPoint","urlTemplate":"https:\/\/ctrenaissance.org\/?s={search_term_string}"},"query-input":{"@type":"PropertyValueSpecification","valueRequired":true,"valueName":"search_term_string"}}],"inLanguage":"es"},{"@type":"Organization","@id":"https:\/\/ctrenaissance.org\/#organization","name":"CT Renaissance, Inc.","url":"https:\/\/ctrenaissance.org\/","logo":{"@type":"ImageObject","inLanguage":"es","@id":"https:\/\/ctrenaissance.org\/#\/schema\/logo\/image\/","url":"https:\/\/ctrenaissance.org\/wp-content\/uploads\/2020\/09\/logo.png","contentUrl":"https:\/\/ctrenaissance.org\/wp-content\/uploads\/2020\/09\/logo.png","width":532,"height":309,"caption":"CT Renaissance, Inc."},"image":{"@id":"https:\/\/ctrenaissance.org\/#\/schema\/logo\/image\/"},"sameAs":["https:\/\/www.facebook.com\/ctrenaissance.bpt","https:\/\/www.linkedin.com\/company\/connecticut-renaissance"]}]}},"_links":{"self":[{"href":"https:\/\/ctrenaissance.org\/es\/wp-json\/wp\/v2\/pages\/631","targetHints":{"allow":["GET"]}}],"collection":[{"href":"https:\/\/ctrenaissance.org\/es\/wp-json\/wp\/v2\/pages"}],"about":[{"href":"https:\/\/ctrenaissance.org\/es\/wp-json\/wp\/v2\/types\/page"}],"author":[{"embeddable":true,"href":"https:\/\/ctrenaissance.org\/es\/wp-json\/wp\/v2\/users\/10"}],"replies":[{"embeddable":true,"href":"https:\/\/ctrenaissance.org\/es\/wp-json\/wp\/v2\/comments?post=631"}],"version-history":[{"count":49,"href":"https:\/\/ctrenaissance.org\/es\/wp-json\/wp\/v2\/pages\/631\/revisions"}],"predecessor-version":[{"id":2684,"href":"https:\/\/ctrenaissance.org\/es\/wp-json\/wp\/v2\/pages\/631\/revisions\/2684"}],"wp:attachment":[{"href":"https:\/\/ctrenaissance.org\/es\/wp-json\/wp\/v2\/media?parent=631"}],"curies":[{"name":"wp","href":"https:\/\/api.w.org\/{rel}","templated":true}]}}