{"id":48,"date":"2020-04-23T12:25:18","date_gmt":"2020-04-23T12:25:18","guid":{"rendered":"https:\/\/demo.bizbudding.com\/reach-agency\/?page_id=48"},"modified":"2024-03-16T22:41:59","modified_gmt":"2024-03-17T02:41:59","slug":"about","status":"publish","type":"page","link":"https:\/\/ctrenaissance.org\/es\/about\/","title":{"rendered":"Acerca de"},"content":{"rendered":"<h1 class=\"wp-block-heading has-text-align-center\" id=\"h-about\">Acerca de<\/h1>\n\n\n\n<p>CT Renaissance abri\u00f3 sus puertas en 1967 con uno de los primeros programas de tratamiento ambulatorio de drogas del estado. Durante las \u00faltimas cinco d\u00e9cadas, la organizaci\u00f3n se ha expandido para ofrecer servicios en diversos entornos, incluyendo programas ambulatorios, comunitarios y residenciales. Aunque las ra\u00edces de la organizaci\u00f3n se encuentran en el tratamiento del consumo de sustancias, hemos crecido hasta ofrecer servicios de salud conductual, adicciones y justicia penal. Nuestros programas ambulatorios, comunitarios y residenciales atienden a adultos y adolescentes en los condados de Fairfield y New Haven.<\/p>\n\n\n\n\n\n\n\n<p class=\"has-text-align-center has-text-color has-large-font-size\" style=\"color:#909ec1\"><strong>Estamos aqu\u00ed para ayudarte.<\/strong><br><strong>\u00a1Recupera tu vida!<\/strong><\/p>\n\n\n\n<p>Siempre esforz\u00e1ndonos por estar al d\u00eda con las mejores pr\u00e1cticas, CT Renaissance utiliza modalidades de tratamiento basadas en la evidencia en todos nuestros servicios. Las entrevistas motivacionales, la terapia cognitivo-conductual y la vida despu\u00e9s del encarcelamiento son solo algunos ejemplos de los modelos probados que utilizamos en nuestros programas. Todas las personas atendidas en CT Renaissance reciben atenci\u00f3n personalizada y adaptada a sus necesidades. Nuestro personal trabaja en conjunto con cada cliente para determinar sus objetivos y ayudar a cada individuo. <strong><em>recuperar su vida<\/em><\/strong>.<\/p>\n\n\n\n<p>Nuestra acreditaci\u00f3n CARF certifica que nuestros servicios cumplen con los est\u00e1ndares de excelencia aceptados internacionalmente. Los terceros pagadores, las agencias gubernamentales y el p\u00fablico en general reconocen la acreditaci\u00f3n CARF como una demostraci\u00f3n de responsabilidad que promueve la excelencia en sus servicios. Esta acreditaci\u00f3n es una prueba de que nuestra organizaci\u00f3n se esfuerza por mejorar la eficiencia, la salud fiscal y la prestaci\u00f3n de servicios, creando una base para la satisfacci\u00f3n del consumidor.<\/p>\n\n\n\n<h4 class=\"wp-block-heading\" id=\"h-our-services-include\">Nuestros servicios incluyen:<\/h4>\n\n\n\n<ul class=\"wp-block-list\">\n<li>Tres cl\u00ednicas de salud conductual (para adultos y adolescentes)<\/li>\n\n\n\n<li>Tres programas comunitarios de liberaci\u00f3n para realizar trabajos<\/li>\n\n\n\n<li>Dos programas ASIST en Waterbury y Bridgeport<\/li>\n\n\n\n<li>Dos programas de tratamiento residencial simult\u00e1neos<\/li>\n\n\n\n<li>Un programa para adolescentes involucrados en el sistema de justicia penal.<\/li>\n\n\n\n<li>Servicios de apuestas<\/li>\n<\/ul>\n\n\n\n<h4 class=\"wp-block-heading\" id=\"h-within-these-programs-you-will-receive\">Dentro de estos programas recibir\u00e1s:<\/h4>\n\n\n\n<ul class=\"wp-block-list\">\n<li>Gesti\u00f3n de casos<\/li>\n\n\n\n<li>Terapia individual, grupal y familiar<\/li>\n\n\n\n<li>Tratamiento por consumo de sustancias<\/li>\n\n\n\n<li>Tratamiento de trastornos concurrentes<\/li>\n\n\n\n<li>Formaci\u00f3n en habilidades para la vida<\/li>\n\n\n\n<li>Grupos de autoayuda<\/li>\n\n\n\n<li>Habilidades para estar preparado para el trabajo<\/li>\n<\/ul>","protected":false},"excerpt":{"rendered":"<p>About CT Renaissance opened its doors in 1967 with one of the State\u2019s earliest outpatient drug treatment programs.&nbsp; Over the past five decades, the organization has expanded to provide services &hellip;<\/p>","protected":false},"author":10,"featured_media":0,"parent":0,"menu_order":0,"comment_status":"closed","ping_status":"closed","template":"","meta":{"_coblocks_attr":"","_coblocks_dimensions":"","_coblocks_responsive_height":"","_coblocks_accordion_ie_support":"","_genesis_hide_title":false,"_genesis_hide_breadcrumbs":false,"_genesis_hide_singular_image":false,"_genesis_hide_footer_widgets":false,"_genesis_custom_body_class":"","_genesis_custom_post_class":"","_genesis_layout":"md-content","footnotes":""},"class_list":["post-48","page","type-page","status-publish","entry"],"featured_image_src":null,"yoast_head":"<!-- This site is optimized with the Yoast SEO Premium plugin v23.5 (Yoast SEO v27.4) - https:\/\/yoast.com\/product\/yoast-seo-premium-wordpress\/ -->\n<title>About | CT Renaissance<\/title>\n<meta name=\"robots\" content=\"index, follow, max-snippet:-1, max-image-preview:large, max-video-preview:-1\" \/>\n<link rel=\"canonical\" href=\"https:\/\/ctrenaissance.org\/es\/about\/\" \/>\n<meta property=\"og:locale\" content=\"es_MX\" \/>\n<meta property=\"og:type\" content=\"article\" \/>\n<meta property=\"og:title\" content=\"About\" \/>\n<meta property=\"og:description\" content=\"About CT Renaissance opened its doors in 1967 with one of the State\u2019s earliest outpatient drug treatment programs.&nbsp; Over the past five decades, the organization has expanded to provide services &hellip;\" \/>\n<meta property=\"og:url\" content=\"https:\/\/ctrenaissance.org\/es\/about\/\" \/>\n<meta property=\"og:site_name\" content=\"CT Renaissance\" \/>\n<meta property=\"article:publisher\" content=\"https:\/\/www.facebook.com\/ctrenaissance.bpt\" \/>\n<meta property=\"article:modified_time\" content=\"2024-03-17T02:41:59+00:00\" \/>\n<meta name=\"twitter:card\" content=\"summary_large_image\" \/>\n<meta name=\"twitter:label1\" content=\"Tiempo de lectura\" \/>\n\t<meta name=\"twitter:data1\" content=\"2 minutos\" \/>\n<script type=\"application\/ld+json\" class=\"yoast-schema-graph\">{\"@context\":\"https:\\\/\\\/schema.org\",\"@graph\":[{\"@type\":\"WebPage\",\"@id\":\"https:\\\/\\\/ctrenaissance.org\\\/about\\\/\",\"url\":\"https:\\\/\\\/ctrenaissance.org\\\/about\\\/\",\"name\":\"About | CT Renaissance\",\"isPartOf\":{\"@id\":\"https:\\\/\\\/ctrenaissance.org\\\/#website\"},\"datePublished\":\"2020-04-23T12:25:18+00:00\",\"dateModified\":\"2024-03-17T02:41:59+00:00\",\"breadcrumb\":{\"@id\":\"https:\\\/\\\/ctrenaissance.org\\\/about\\\/#breadcrumb\"},\"inLanguage\":\"es\",\"potentialAction\":[{\"@type\":\"ReadAction\",\"target\":[\"https:\\\/\\\/ctrenaissance.org\\\/about\\\/\"]}]},{\"@type\":\"BreadcrumbList\",\"@id\":\"https:\\\/\\\/ctrenaissance.org\\\/about\\\/#breadcrumb\",\"itemListElement\":[{\"@type\":\"ListItem\",\"position\":1,\"name\":\"Home\",\"item\":\"https:\\\/\\\/ctrenaissance.org\\\/\"},{\"@type\":\"ListItem\",\"position\":2,\"name\":\"About\"}]},{\"@type\":\"WebSite\",\"@id\":\"https:\\\/\\\/ctrenaissance.org\\\/#website\",\"url\":\"https:\\\/\\\/ctrenaissance.org\\\/\",\"name\":\"CT Renaissance\",\"description\":\"RECLAIM your LIFE\",\"publisher\":{\"@id\":\"https:\\\/\\\/ctrenaissance.org\\\/#organization\"},\"potentialAction\":[{\"@type\":\"SearchAction\",\"target\":{\"@type\":\"EntryPoint\",\"urlTemplate\":\"https:\\\/\\\/ctrenaissance.org\\\/?s={search_term_string}\"},\"query-input\":{\"@type\":\"PropertyValueSpecification\",\"valueRequired\":true,\"valueName\":\"search_term_string\"}}],\"inLanguage\":\"es\"},{\"@type\":\"Organization\",\"@id\":\"https:\\\/\\\/ctrenaissance.org\\\/#organization\",\"name\":\"CT Renaissance, Inc.\",\"url\":\"https:\\\/\\\/ctrenaissance.org\\\/\",\"logo\":{\"@type\":\"ImageObject\",\"inLanguage\":\"es\",\"@id\":\"https:\\\/\\\/ctrenaissance.org\\\/#\\\/schema\\\/logo\\\/image\\\/\",\"url\":\"https:\\\/\\\/ctrenaissance.org\\\/wp-content\\\/uploads\\\/2020\\\/09\\\/logo.png\",\"contentUrl\":\"https:\\\/\\\/ctrenaissance.org\\\/wp-content\\\/uploads\\\/2020\\\/09\\\/logo.png\",\"width\":532,\"height\":309,\"caption\":\"CT Renaissance, Inc.\"},\"image\":{\"@id\":\"https:\\\/\\\/ctrenaissance.org\\\/#\\\/schema\\\/logo\\\/image\\\/\"},\"sameAs\":[\"https:\\\/\\\/www.facebook.com\\\/ctrenaissance.bpt\",\"https:\\\/\\\/www.linkedin.com\\\/company\\\/connecticut-renaissance\"]}]}<\/script>\n<!-- \/ Yoast SEO Premium plugin. -->","yoast_head_json":{"title":"About | CT Renaissance","robots":{"index":"index","follow":"follow","max-snippet":"max-snippet:-1","max-image-preview":"max-image-preview:large","max-video-preview":"max-video-preview:-1"},"canonical":"https:\/\/ctrenaissance.org\/es\/about\/","og_locale":"es_MX","og_type":"article","og_title":"About","og_description":"About CT Renaissance opened its doors in 1967 with one of the State\u2019s earliest outpatient drug treatment programs.&nbsp; Over the past five decades, the organization has expanded to provide services &hellip;","og_url":"https:\/\/ctrenaissance.org\/es\/about\/","og_site_name":"CT Renaissance","article_publisher":"https:\/\/www.facebook.com\/ctrenaissance.bpt","article_modified_time":"2024-03-17T02:41:59+00:00","twitter_card":"summary_large_image","twitter_misc":{"Tiempo de lectura":"2 minutos"},"schema":{"@context":"https:\/\/schema.org","@graph":[{"@type":"WebPage","@id":"https:\/\/ctrenaissance.org\/about\/","url":"https:\/\/ctrenaissance.org\/about\/","name":"About | CT Renaissance","isPartOf":{"@id":"https:\/\/ctrenaissance.org\/#website"},"datePublished":"2020-04-23T12:25:18+00:00","dateModified":"2024-03-17T02:41:59+00:00","breadcrumb":{"@id":"https:\/\/ctrenaissance.org\/about\/#breadcrumb"},"inLanguage":"es","potentialAction":[{"@type":"ReadAction","target":["https:\/\/ctrenaissance.org\/about\/"]}]},{"@type":"BreadcrumbList","@id":"https:\/\/ctrenaissance.org\/about\/#breadcrumb","itemListElement":[{"@type":"ListItem","position":1,"name":"Home","item":"https:\/\/ctrenaissance.org\/"},{"@type":"ListItem","position":2,"name":"About"}]},{"@type":"WebSite","@id":"https:\/\/ctrenaissance.org\/#website","url":"https:\/\/ctrenaissance.org\/","name":"CT Renaissance","description":"RECUPERA tu VIDA","publisher":{"@id":"https:\/\/ctrenaissance.org\/#organization"},"potentialAction":[{"@type":"SearchAction","target":{"@type":"EntryPoint","urlTemplate":"https:\/\/ctrenaissance.org\/?s={search_term_string}"},"query-input":{"@type":"PropertyValueSpecification","valueRequired":true,"valueName":"search_term_string"}}],"inLanguage":"es"},{"@type":"Organization","@id":"https:\/\/ctrenaissance.org\/#organization","name":"CT Renaissance, Inc.","url":"https:\/\/ctrenaissance.org\/","logo":{"@type":"ImageObject","inLanguage":"es","@id":"https:\/\/ctrenaissance.org\/#\/schema\/logo\/image\/","url":"https:\/\/ctrenaissance.org\/wp-content\/uploads\/2020\/09\/logo.png","contentUrl":"https:\/\/ctrenaissance.org\/wp-content\/uploads\/2020\/09\/logo.png","width":532,"height":309,"caption":"CT Renaissance, Inc."},"image":{"@id":"https:\/\/ctrenaissance.org\/#\/schema\/logo\/image\/"},"sameAs":["https:\/\/www.facebook.com\/ctrenaissance.bpt","https:\/\/www.linkedin.com\/company\/connecticut-renaissance"]}]}},"_links":{"self":[{"href":"https:\/\/ctrenaissance.org\/es\/wp-json\/wp\/v2\/pages\/48","targetHints":{"allow":["GET"]}}],"collection":[{"href":"https:\/\/ctrenaissance.org\/es\/wp-json\/wp\/v2\/pages"}],"about":[{"href":"https:\/\/ctrenaissance.org\/es\/wp-json\/wp\/v2\/types\/page"}],"author":[{"embeddable":true,"href":"https:\/\/ctrenaissance.org\/es\/wp-json\/wp\/v2\/users\/10"}],"replies":[{"embeddable":true,"href":"https:\/\/ctrenaissance.org\/es\/wp-json\/wp\/v2\/comments?post=48"}],"version-history":[{"count":32,"href":"https:\/\/ctrenaissance.org\/es\/wp-json\/wp\/v2\/pages\/48\/revisions"}],"predecessor-version":[{"id":2020,"href":"https:\/\/ctrenaissance.org\/es\/wp-json\/wp\/v2\/pages\/48\/revisions\/2020"}],"wp:attachment":[{"href":"https:\/\/ctrenaissance.org\/es\/wp-json\/wp\/v2\/media?parent=48"}],"curies":[{"name":"wp","href":"https:\/\/api.w.org\/{rel}","templated":true}]}}