{"id":2738,"date":"2026-02-05T16:39:28","date_gmt":"2026-02-05T21:39:28","guid":{"rendered":"https:\/\/ctrenaissance.org\/?page_id=2738"},"modified":"2026-02-05T17:24:26","modified_gmt":"2026-02-05T22:24:26","slug":"in-kind-partners","status":"publish","type":"page","link":"https:\/\/ctrenaissance.org\/es\/in-kind-partners\/","title":{"rendered":"Socios en especie"},"content":{"rendered":"<div style=\"height:52px\" aria-hidden=\"true\" class=\"wp-block-spacer\"><\/div>\n\n\n\n<p>Connecticut Renaissance agradece profundamente a las organizaciones y empresas que apoyan nuestro trabajo mediante contribuciones en especie. Estos socios proporcionan bienes, servicios y recursos esenciales que fortalecen nuestros programas y nos ayudan a satisfacer las necesidades de las personas y familias a las que atendemos en nuestras comunidades.<\/p>\n\n\n\n<p>El apoyo en especie desempe\u00f1a un papel importante en nuestra capacidad para prestar servicios centrados en las personas y basados en pruebas. Ya sea a trav\u00e9s de donaciones de art\u00edculos, servicios profesionales o recursos comunitarios, estas contribuciones nos permiten centrar nuestra financiaci\u00f3n donde m\u00e1s se necesita y garantizar que nuestros programas sigan siendo receptivos, acogedores y eficaces.<\/p>\n\n\n\n<p>Las siguientes organizaciones han apoyado generosamente a Connecticut Renaissance mediante contribuciones en especie que benefician directamente a nuestros programas y a las personas a las que atendemos.<\/p>\n\n\n\n<div style=\"height:28px\" aria-hidden=\"true\" class=\"wp-block-spacer\"><\/div>\n\n\n<div class=\"wp-block-image\">\n<figure class=\"aligncenter size-full has-lightbox\"><a href=\"https:\/\/www.ezcater.com\/catering\/brueggers-shelton?c3api=bing,1299622999116692,81226494858167&amp;gclid=24f69202bb6d11279f40fb87b4c8b2e3&amp;gclsrc=3p.ds&amp;msclkid=24f69202bb6d11279f40fb87b4c8b2e3&amp;utm_source=bing&amp;utm_medium=cpc&amp;utm_campaign=psch_bing_gen_na_tran_2022_natl-dsa-cpc&amp;utm_term=catering%20&amp;utm_content=Catering%20-%20DSA\"><img loading=\"lazy\" decoding=\"async\" width=\"200\" height=\"200\" src=\"https:\/\/ctrenaissance.org\/wp-content\/uploads\/2026\/02\/OIP.webp\" alt=\"\" class=\"wp-image-2833\" srcset=\"https:\/\/ctrenaissance.org\/wp-content\/uploads\/2026\/02\/OIP.webp 200w, https:\/\/ctrenaissance.org\/wp-content\/uploads\/2026\/02\/OIP-150x150.webp 150w, https:\/\/ctrenaissance.org\/wp-content\/uploads\/2026\/02\/OIP-80x80.webp 80w\" sizes=\"auto, (max-width: 200px) 100vw, 200px\" \/><\/a><\/figure>\n<\/div>\n\n\n<div style=\"height:28px\" aria-hidden=\"true\" class=\"wp-block-spacer\"><\/div>\n\n\n<div class=\"wp-block-image\">\n<figure class=\"aligncenter size-full is-resized has-lightbox\"><a href=\"https:\/\/foodrescue.us\/fairfield-county\/\"><img loading=\"lazy\" decoding=\"async\" width=\"474\" height=\"474\" src=\"https:\/\/ctrenaissance.org\/wp-content\/uploads\/2026\/02\/OIP-1.webp\" alt=\"\" class=\"wp-image-2834\" style=\"width:210px;height:auto\" srcset=\"https:\/\/ctrenaissance.org\/wp-content\/uploads\/2026\/02\/OIP-1.webp 474w, https:\/\/ctrenaissance.org\/wp-content\/uploads\/2026\/02\/OIP-1-300x300.webp 300w, https:\/\/ctrenaissance.org\/wp-content\/uploads\/2026\/02\/OIP-1-150x150.webp 150w, https:\/\/ctrenaissance.org\/wp-content\/uploads\/2026\/02\/OIP-1-80x80.webp 80w\" sizes=\"auto, (max-width: 474px) 100vw, 474px\" \/><\/a><\/figure>\n<\/div>\n\n\n<div style=\"height:28px\" aria-hidden=\"true\" class=\"wp-block-spacer\"><\/div>\n\n\n<div class=\"wp-block-image\">\n<figure class=\"aligncenter size-full is-resized has-lightbox\"><a href=\"https:\/\/uptimerobot.com\/\"><img loading=\"lazy\" decoding=\"async\" width=\"600\" height=\"104\" src=\"https:\/\/ctrenaissance.org\/wp-content\/uploads\/2026\/02\/uptime-robot-logo.png\" alt=\"\" class=\"wp-image-2836\" style=\"width:210px;height:auto\" srcset=\"https:\/\/ctrenaissance.org\/wp-content\/uploads\/2026\/02\/uptime-robot-logo.png 600w, https:\/\/ctrenaissance.org\/wp-content\/uploads\/2026\/02\/uptime-robot-logo-300x52.png 300w\" sizes=\"auto, (max-width: 600px) 100vw, 600px\" \/><\/a><\/figure>\n<\/div>\n\n\n<div style=\"height:52px\" aria-hidden=\"true\" class=\"wp-block-spacer\"><\/div>\n\n\n\n<p>Agradecemos a las organizaciones mencionadas anteriormente y el valioso apoyo en especie que brindan a Connecticut Renaissance y a las personas a las que atendemos.<\/p>\n\n\n\n<p>Para obtener m\u00e1s informaci\u00f3n sobre las oportunidades de colaboraci\u00f3n en especie, cont\u00e1ctenos. <strong><a href=\"mailto:tmitchell@ctrenaissance.org\">aqu\u00ed<\/a><\/strong>.<\/p>","protected":false},"excerpt":{"rendered":"<p>Connecticut Renaissance is deeply grateful for the organizations and businesses that support our work through in-kind contributions. These partners provide essential goods, services, and resources that strengthen our programs and &hellip;<\/p>","protected":false},"author":11,"featured_media":0,"parent":0,"menu_order":0,"comment_status":"closed","ping_status":"closed","template":"","meta":{"_coblocks_attr":"","_coblocks_dimensions":"","_coblocks_responsive_height":"","_coblocks_accordion_ie_support":"","_genesis_hide_title":false,"_genesis_hide_breadcrumbs":false,"_genesis_hide_singular_image":false,"_genesis_hide_footer_widgets":false,"_genesis_custom_body_class":"","_genesis_custom_post_class":"","_genesis_layout":"md-content","footnotes":""},"class_list":["post-2738","page","type-page","status-publish","entry"],"featured_image_src":null,"yoast_head":"<!-- This site is optimized with the Yoast SEO Premium plugin v23.5 (Yoast SEO v27.4) - https:\/\/yoast.com\/product\/yoast-seo-premium-wordpress\/ -->\n<title>In-Kind Partners | CT Renaissance<\/title>\n<meta name=\"robots\" content=\"index, follow, max-snippet:-1, max-image-preview:large, max-video-preview:-1\" \/>\n<link rel=\"canonical\" href=\"https:\/\/ctrenaissance.org\/es\/in-kind-partners\/\" \/>\n<meta property=\"og:locale\" content=\"es_MX\" \/>\n<meta property=\"og:type\" content=\"article\" \/>\n<meta property=\"og:title\" content=\"In-Kind Partners\" \/>\n<meta property=\"og:description\" content=\"Connecticut Renaissance is deeply grateful for the organizations and businesses that support our work through in-kind contributions. These partners provide essential goods, services, and resources that strengthen our programs and &hellip;\" \/>\n<meta property=\"og:url\" content=\"https:\/\/ctrenaissance.org\/es\/in-kind-partners\/\" \/>\n<meta property=\"og:site_name\" content=\"CT Renaissance\" \/>\n<meta property=\"article:publisher\" content=\"https:\/\/www.facebook.com\/ctrenaissance.bpt\" \/>\n<meta property=\"article:modified_time\" content=\"2026-02-05T22:24:26+00:00\" \/>\n<meta property=\"og:image\" content=\"https:\/\/ctrenaissance.org\/wp-content\/uploads\/2026\/02\/OIP.webp\" \/>\n\t<meta property=\"og:image:width\" content=\"200\" \/>\n\t<meta property=\"og:image:height\" content=\"200\" \/>\n\t<meta property=\"og:image:type\" content=\"image\/webp\" \/>\n<meta name=\"twitter:card\" content=\"summary_large_image\" \/>\n<meta name=\"twitter:label1\" content=\"Tiempo de lectura\" \/>\n\t<meta name=\"twitter:data1\" content=\"2 minutos\" \/>\n<script type=\"application\/ld+json\" class=\"yoast-schema-graph\">{\"@context\":\"https:\\\/\\\/schema.org\",\"@graph\":[{\"@type\":\"WebPage\",\"@id\":\"https:\\\/\\\/ctrenaissance.org\\\/in-kind-partners\\\/\",\"url\":\"https:\\\/\\\/ctrenaissance.org\\\/in-kind-partners\\\/\",\"name\":\"In-Kind Partners | CT Renaissance\",\"isPartOf\":{\"@id\":\"https:\\\/\\\/ctrenaissance.org\\\/#website\"},\"primaryImageOfPage\":{\"@id\":\"https:\\\/\\\/ctrenaissance.org\\\/in-kind-partners\\\/#primaryimage\"},\"image\":{\"@id\":\"https:\\\/\\\/ctrenaissance.org\\\/in-kind-partners\\\/#primaryimage\"},\"thumbnailUrl\":\"https:\\\/\\\/ctrenaissance.org\\\/wp-content\\\/uploads\\\/2026\\\/02\\\/OIP.webp\",\"datePublished\":\"2026-02-05T21:39:28+00:00\",\"dateModified\":\"2026-02-05T22:24:26+00:00\",\"breadcrumb\":{\"@id\":\"https:\\\/\\\/ctrenaissance.org\\\/in-kind-partners\\\/#breadcrumb\"},\"inLanguage\":\"es\",\"potentialAction\":[{\"@type\":\"ReadAction\",\"target\":[\"https:\\\/\\\/ctrenaissance.org\\\/in-kind-partners\\\/\"]}]},{\"@type\":\"ImageObject\",\"inLanguage\":\"es\",\"@id\":\"https:\\\/\\\/ctrenaissance.org\\\/in-kind-partners\\\/#primaryimage\",\"url\":\"https:\\\/\\\/ctrenaissance.org\\\/wp-content\\\/uploads\\\/2026\\\/02\\\/OIP.webp\",\"contentUrl\":\"https:\\\/\\\/ctrenaissance.org\\\/wp-content\\\/uploads\\\/2026\\\/02\\\/OIP.webp\"},{\"@type\":\"BreadcrumbList\",\"@id\":\"https:\\\/\\\/ctrenaissance.org\\\/in-kind-partners\\\/#breadcrumb\",\"itemListElement\":[{\"@type\":\"ListItem\",\"position\":1,\"name\":\"Home\",\"item\":\"https:\\\/\\\/ctrenaissance.org\\\/\"},{\"@type\":\"ListItem\",\"position\":2,\"name\":\"In-Kind Partners\"}]},{\"@type\":\"WebSite\",\"@id\":\"https:\\\/\\\/ctrenaissance.org\\\/#website\",\"url\":\"https:\\\/\\\/ctrenaissance.org\\\/\",\"name\":\"CT Renaissance\",\"description\":\"RECLAIM your LIFE\",\"publisher\":{\"@id\":\"https:\\\/\\\/ctrenaissance.org\\\/#organization\"},\"potentialAction\":[{\"@type\":\"SearchAction\",\"target\":{\"@type\":\"EntryPoint\",\"urlTemplate\":\"https:\\\/\\\/ctrenaissance.org\\\/?s={search_term_string}\"},\"query-input\":{\"@type\":\"PropertyValueSpecification\",\"valueRequired\":true,\"valueName\":\"search_term_string\"}}],\"inLanguage\":\"es\"},{\"@type\":\"Organization\",\"@id\":\"https:\\\/\\\/ctrenaissance.org\\\/#organization\",\"name\":\"CT Renaissance, Inc.\",\"url\":\"https:\\\/\\\/ctrenaissance.org\\\/\",\"logo\":{\"@type\":\"ImageObject\",\"inLanguage\":\"es\",\"@id\":\"https:\\\/\\\/ctrenaissance.org\\\/#\\\/schema\\\/logo\\\/image\\\/\",\"url\":\"https:\\\/\\\/ctrenaissance.org\\\/wp-content\\\/uploads\\\/2020\\\/09\\\/logo.png\",\"contentUrl\":\"https:\\\/\\\/ctrenaissance.org\\\/wp-content\\\/uploads\\\/2020\\\/09\\\/logo.png\",\"width\":532,\"height\":309,\"caption\":\"CT Renaissance, Inc.\"},\"image\":{\"@id\":\"https:\\\/\\\/ctrenaissance.org\\\/#\\\/schema\\\/logo\\\/image\\\/\"},\"sameAs\":[\"https:\\\/\\\/www.facebook.com\\\/ctrenaissance.bpt\",\"https:\\\/\\\/www.linkedin.com\\\/company\\\/connecticut-renaissance\"]}]}<\/script>\n<!-- \/ Yoast SEO Premium plugin. -->","yoast_head_json":{"title":"In-Kind Partners | CT Renaissance","robots":{"index":"index","follow":"follow","max-snippet":"max-snippet:-1","max-image-preview":"max-image-preview:large","max-video-preview":"max-video-preview:-1"},"canonical":"https:\/\/ctrenaissance.org\/es\/in-kind-partners\/","og_locale":"es_MX","og_type":"article","og_title":"In-Kind Partners","og_description":"Connecticut Renaissance is deeply grateful for the organizations and businesses that support our work through in-kind contributions. These partners provide essential goods, services, and resources that strengthen our programs and &hellip;","og_url":"https:\/\/ctrenaissance.org\/es\/in-kind-partners\/","og_site_name":"CT Renaissance","article_publisher":"https:\/\/www.facebook.com\/ctrenaissance.bpt","article_modified_time":"2026-02-05T22:24:26+00:00","og_image":[{"width":200,"height":200,"url":"https:\/\/ctrenaissance.org\/wp-content\/uploads\/2026\/02\/OIP.webp","type":"image\/webp"}],"twitter_card":"summary_large_image","twitter_misc":{"Tiempo de lectura":"2 minutos"},"schema":{"@context":"https:\/\/schema.org","@graph":[{"@type":"WebPage","@id":"https:\/\/ctrenaissance.org\/in-kind-partners\/","url":"https:\/\/ctrenaissance.org\/in-kind-partners\/","name":"In-Kind Partners | CT Renaissance","isPartOf":{"@id":"https:\/\/ctrenaissance.org\/#website"},"primaryImageOfPage":{"@id":"https:\/\/ctrenaissance.org\/in-kind-partners\/#primaryimage"},"image":{"@id":"https:\/\/ctrenaissance.org\/in-kind-partners\/#primaryimage"},"thumbnailUrl":"https:\/\/ctrenaissance.org\/wp-content\/uploads\/2026\/02\/OIP.webp","datePublished":"2026-02-05T21:39:28+00:00","dateModified":"2026-02-05T22:24:26+00:00","breadcrumb":{"@id":"https:\/\/ctrenaissance.org\/in-kind-partners\/#breadcrumb"},"inLanguage":"es","potentialAction":[{"@type":"ReadAction","target":["https:\/\/ctrenaissance.org\/in-kind-partners\/"]}]},{"@type":"ImageObject","inLanguage":"es","@id":"https:\/\/ctrenaissance.org\/in-kind-partners\/#primaryimage","url":"https:\/\/ctrenaissance.org\/wp-content\/uploads\/2026\/02\/OIP.webp","contentUrl":"https:\/\/ctrenaissance.org\/wp-content\/uploads\/2026\/02\/OIP.webp"},{"@type":"BreadcrumbList","@id":"https:\/\/ctrenaissance.org\/in-kind-partners\/#breadcrumb","itemListElement":[{"@type":"ListItem","position":1,"name":"Home","item":"https:\/\/ctrenaissance.org\/"},{"@type":"ListItem","position":2,"name":"In-Kind Partners"}]},{"@type":"WebSite","@id":"https:\/\/ctrenaissance.org\/#website","url":"https:\/\/ctrenaissance.org\/","name":"CT Renaissance","description":"RECUPERA tu VIDA","publisher":{"@id":"https:\/\/ctrenaissance.org\/#organization"},"potentialAction":[{"@type":"SearchAction","target":{"@type":"EntryPoint","urlTemplate":"https:\/\/ctrenaissance.org\/?s={search_term_string}"},"query-input":{"@type":"PropertyValueSpecification","valueRequired":true,"valueName":"search_term_string"}}],"inLanguage":"es"},{"@type":"Organization","@id":"https:\/\/ctrenaissance.org\/#organization","name":"CT Renaissance, Inc.","url":"https:\/\/ctrenaissance.org\/","logo":{"@type":"ImageObject","inLanguage":"es","@id":"https:\/\/ctrenaissance.org\/#\/schema\/logo\/image\/","url":"https:\/\/ctrenaissance.org\/wp-content\/uploads\/2020\/09\/logo.png","contentUrl":"https:\/\/ctrenaissance.org\/wp-content\/uploads\/2020\/09\/logo.png","width":532,"height":309,"caption":"CT Renaissance, Inc."},"image":{"@id":"https:\/\/ctrenaissance.org\/#\/schema\/logo\/image\/"},"sameAs":["https:\/\/www.facebook.com\/ctrenaissance.bpt","https:\/\/www.linkedin.com\/company\/connecticut-renaissance"]}]}},"_links":{"self":[{"href":"https:\/\/ctrenaissance.org\/es\/wp-json\/wp\/v2\/pages\/2738","targetHints":{"allow":["GET"]}}],"collection":[{"href":"https:\/\/ctrenaissance.org\/es\/wp-json\/wp\/v2\/pages"}],"about":[{"href":"https:\/\/ctrenaissance.org\/es\/wp-json\/wp\/v2\/types\/page"}],"author":[{"embeddable":true,"href":"https:\/\/ctrenaissance.org\/es\/wp-json\/wp\/v2\/users\/11"}],"replies":[{"embeddable":true,"href":"https:\/\/ctrenaissance.org\/es\/wp-json\/wp\/v2\/comments?post=2738"}],"version-history":[{"count":9,"href":"https:\/\/ctrenaissance.org\/es\/wp-json\/wp\/v2\/pages\/2738\/revisions"}],"predecessor-version":[{"id":2843,"href":"https:\/\/ctrenaissance.org\/es\/wp-json\/wp\/v2\/pages\/2738\/revisions\/2843"}],"wp:attachment":[{"href":"https:\/\/ctrenaissance.org\/es\/wp-json\/wp\/v2\/media?parent=2738"}],"curies":[{"name":"wp","href":"https:\/\/api.w.org\/{rel}","templated":true}]}}